{"id":94,"date":"2014-12-04T13:26:02","date_gmt":"2014-12-04T13:26:02","guid":{"rendered":"http:\/\/e-ubezpieczenia.net.pl\/?page_id=94"},"modified":"2015-01-28T15:54:47","modified_gmt":"2015-01-28T15:54:47","slug":"ubezpieczenie-nnw","status":"publish","type":"page","link":"https:\/\/e-ubezpieczenia.net.pl\/?page_id=94","title":{"rendered":"Ubezpieczenie NNW"},"content":{"rendered":"<div id=\"pageContentTitle\" class=\"pageContentTitle\">Ubezpieczenie NNW<\/div>\n<div class=\"pageContentTitle\"><\/div>\n<div class=\"pageContentTitle\">\n<p><strong>Ubezpieczenie NNW.<\/strong><\/p>\n<p>Ubezpieczenie NNW <strong>chroni<\/strong> zar\u00f3wno <strong>kierowc\u0119<\/strong>, jak i <strong>pasa\u017cer\u00f3w<\/strong> pojazdu.\u00a0Przedmiotem ubezpieczenia s\u0105 nast\u0119pstwa nieszcz\u0119\u015bliwych wypadk\u00f3w zwi\u0105zanych z ruchem ubezpieczonego pojazdu lub jego bie\u017c\u0105c\u0105 obs\u0142ug\u0105. Ubezpieczeniem obj\u0119te jest uszkodzenie cia\u0142a, rozstr\u00f3j zdrowia, uszczerbek na zdrowiu, \u015bmierci kieruj\u0105cego pojazdem lub pasa\u017cer\u00f3w. Ubezpieczenie to dzia\u0142a r\u00f3wnie\u017c, gdy wsiadasz i wysiadasz z pojazdu.<\/p>\n<\/div>\n<div class=\"pageContentTitle\"><\/div>\n<div class=\"pageContentHeader\">Wsiadaj\u0105c do samochodu chcesz mie\u0107 pewno\u015b\u0107, \u017ce Ty i Twoi bliscy w razie wypadku komunikacyjnego, otrzymacie \u015bwiadczenie z tytu\u0142u trwa\u0142ego uszczerbku na zdrowiu lub \u015bwiadczenie w przypadku \u015bmierci?Wykup ubezpieczenie nast\u0119pstw nieszcz\u0119\u015bliwych wypadk\u00f3w kierowc\u00f3w i pasa\u017cer\u00f3w pojazd\u00f3w mechanicznych.<\/div>\n<div class=\"pageContentText\">Za nieszcz\u0119\u015bliwy wypadek uwa\u017ca si\u0119, nag\u0142e zdarzenie wywo\u0142ane przyczyn\u0105 zewn\u0119trzn\u0105 w zwi\u0105zku z ruchem pojazdu mechanicznego w nast\u0119pstwie, kt\u00f3rego Ubezpieczony niezale\u017cnie od swojej woli dozna\u0142 trwa\u0142ego uszkodzenia cia\u0142a, rozstroju zdrowia lub zmar\u0142. Za szkody zwi\u0105zane z ruchem pojazdu uwa\u017ca si\u0119 r\u00f3wnie\u017c, szkody powsta\u0142e podczas wsiadania lub wysiadania z pojazdu, bezpo\u015brednio przy za\u0142adowaniu i roz\u0142adowaniu pojazdu, a tak\u017ce podczas zatrzymania, postoju lub gara\u017cowania pojazdu.Ubezpieczenie NNW nale\u017cy do ubezpiecze\u0144 dobrowolnych. Polis\u0119 zawiera si\u0119 na 12 miesi\u0119czny okres ubezpieczenia (najcz\u0119\u015bciej \u0142\u0105cznie z OC lub AC). Ochron\u0105 obj\u0119ty jest kierowca i pasa\u017cerowie pojazdu o \u0142\u0105cznej liczbie ilo\u015bci miejsc w poje\u017adzie zgodnie z dowodem rejestracyjnym.Ubezpieczenie NNW obejmuje szkody powsta\u0142e na terytorium Rzeczypospolitej Polskiej lub za granic\u0105.<\/p>\n<p>Sum\u0119 ubezpieczenia okre\u015bla si\u0119 na ka\u017cd\u0105 z os\u00f3b ubezpieczonych w takiej samej wysoko\u015bc<\/p>\n<\/div>\n","protected":false},"excerpt":{"rendered":"<p>Ubezpieczenie NNW Ubezpieczenie NNW. Ubezpieczenie NNW chroni zar\u00f3wno kierowc\u0119, jak i pasa\u017cer\u00f3w pojazdu.\u00a0Przedmiotem ubezpieczenia s\u0105 nast\u0119pstwa nieszcz\u0119\u015bliwych wypadk\u00f3w zwi\u0105zanych z ruchem ubezpieczonego pojazdu lub jego bie\u017c\u0105c\u0105 obs\u0142ug\u0105. Ubezpieczeniem obj\u0119te jest uszkodzenie cia\u0142a, rozstr\u00f3j zdrowia, uszczerbek na zdrowiu, \u015bmierci kieruj\u0105cego pojazdem lub pasa\u017cer\u00f3w. Ubezpieczenie to dzia\u0142a r\u00f3wnie\u017c, gdy wsiadasz i wysiadasz z pojazdu. Wsiadaj\u0105c do samochodu [&hellip;]<\/p>\n","protected":false},"author":1,"featured_media":0,"parent":35,"menu_order":0,"comment_status":"closed","ping_status":"open","template":"","meta":{"ngg_post_thumbnail":0,"footnotes":""},"class_list":["post-94","page","type-page","status-publish","czr-hentry"],"_links":{"self":[{"href":"https:\/\/e-ubezpieczenia.net.pl\/index.php?rest_route=\/wp\/v2\/pages\/94","targetHints":{"allow":["GET"]}}],"collection":[{"href":"https:\/\/e-ubezpieczenia.net.pl\/index.php?rest_route=\/wp\/v2\/pages"}],"about":[{"href":"https:\/\/e-ubezpieczenia.net.pl\/index.php?rest_route=\/wp\/v2\/types\/page"}],"author":[{"embeddable":true,"href":"https:\/\/e-ubezpieczenia.net.pl\/index.php?rest_route=\/wp\/v2\/users\/1"}],"replies":[{"embeddable":true,"href":"https:\/\/e-ubezpieczenia.net.pl\/index.php?rest_route=%2Fwp%2Fv2%2Fcomments&post=94"}],"version-history":[{"count":3,"href":"https:\/\/e-ubezpieczenia.net.pl\/index.php?rest_route=\/wp\/v2\/pages\/94\/revisions"}],"predecessor-version":[{"id":276,"href":"https:\/\/e-ubezpieczenia.net.pl\/index.php?rest_route=\/wp\/v2\/pages\/94\/revisions\/276"}],"up":[{"embeddable":true,"href":"https:\/\/e-ubezpieczenia.net.pl\/index.php?rest_route=\/wp\/v2\/pages\/35"}],"wp:attachment":[{"href":"https:\/\/e-ubezpieczenia.net.pl\/index.php?rest_route=%2Fwp%2Fv2%2Fmedia&parent=94"}],"curies":[{"name":"wp","href":"https:\/\/api.w.org\/{rel}","templated":true}]}}