{"id":90,"date":"2014-12-04T13:24:34","date_gmt":"2014-12-04T13:24:34","guid":{"rendered":"http:\/\/e-ubezpieczenia.net.pl\/?page_id=90"},"modified":"2014-12-04T13:24:43","modified_gmt":"2014-12-04T13:24:43","slug":"ubezpieczenie-assistance","status":"publish","type":"page","link":"https:\/\/e-ubezpieczenia.net.pl\/?page_id=90","title":{"rendered":"Ubezpieczenie  Assistance"},"content":{"rendered":"<p>&nbsp;<\/p>\n<div id=\"pageContentTitle\" class=\"pageContentTitle\">Ubezpieczenie \u00a0&#8211; Assistance<\/div>\n<div class=\"pageContentHeader\">Jedziesz do pracy a tu st\u0142uczka&#8230;<br \/>\nWyje\u017cd\u017casz na wymarzony i d\u0142ugo oczekiwany urlop z rodzin\u0105 a tu awaria auta&#8230;<br \/>\n\u015apieszysz si\u0119, by odebra\u0107 dziecko z przedszkola. Pech chcia\u0142, \u017ce nie zatankowa\u0142e\u015b samochodu&#8230;<br \/>\nTakie sytuacje spotykaj\u0105 codziennie setki kierowc\u00f3w na drodze.<br \/>\nNie musisz ju\u017c sobie radzi\u0107 sam w takich chwilach &#8211; wykup ubezpieczenie Assistance.<\/div>\n<div class=\"pageContentText\">Ubezpieczenie Assistance gwarantuje udzielenie natychmiastowej pomocy w razie wypadku, awarii, kradzie\u017cy pojazdu lub innych wypadk\u00f3w losowych, kt\u00f3re mog\u0105 si\u0119 zdarzy\u0107 podczas podr\u00f3\u017cy. Proponowany przez Towarzystwa Ubezpieczeniowe zakres Assistance najcz\u0119\u015bciej obejmuje:<\/p>\n<ul>\n<li>holowanie lub napraw\u0119 pojazdu na miejscu zdarzenia<\/li>\n<li>wymian\u0119 ko\u0142a<\/li>\n<li>dostarczenie paliwa<\/li>\n<li>parking<\/li>\n<li>do\u0142adowanie akumulatora<\/li>\n<li>wymian\u0119 przepalonej \u017car\u00f3wki<\/li>\n<li>otwarcie samochodu w razie zatrza\u015bni\u0119cia w nim kluczyk\u00f3w<\/li>\n<li>odbi\u00f3r pojazdu po naprawie<\/li>\n<li>pojazd zast\u0119pczy<\/li>\n<li>z\u0142omowanie pojazdu<\/li>\n<li>zorganizowanie i pokrycie kosztu noclegu lub kontynuacji podr\u00f3\u017cy<\/li>\n<li>opiek\u0119 nad dzie\u0107mi<\/li>\n<li>opiek\u0119 nad zwierz\u0119tami<\/li>\n<li>zast\u0119pczego kierowc\u0119<\/li>\n<li>transport przyczepy<\/li>\n<li>transport baga\u017cu<\/li>\n<li>transport medyczny<\/li>\n<li>za granic\u0105: telefonicznego t\u0142umacza<\/li>\n<li>za granic\u0105: przesy\u0142k\u0119 cz\u0119\u015bci zamiennych<\/li>\n<li>po\u017cyczk\u0119 na napraw\u0119 pojazdu<\/li>\n<li>po\u017cyczk\u0119 na kaucj\u0119 dla zwolnienia z aresztu<\/li>\n<li>informacj\u0119 serwisow\u0105 (np. udzielenie informacji o warsztatach, o pomocy drogowej, o mo\u017cliwo\u015bci wynajmu pojazdu zast\u0119pczego)<\/li>\n<li>informacj\u0119 turystyczn\u0105<\/li>\n<li>informacj\u0119 lub pomoc medyczn\u0105<\/li>\n<\/ul>\n<p>Towarzystwa Ubezpieczeniowe proponuj\u0105 klientom r\u00f3\u017cny zakres ubezpieczenia Assistance. Najcz\u0119\u015bciej jest on okre\u015blany w wariantach, najta\u0144szy dodawany bezp\u0142atnie do OC lub AC z podstawowym zakresem lub rozszerzony dodawany za niewielk\u0105 op\u0142at\u0105 do AC. W niekt\u00f3rych Towarzystwach istnieje mo\u017cliwo\u015b\u0107 wykupienia samego Assistance bez konieczno\u015bci zawierania polisy OC czy AC.<\/p>\n<p>Ubezpieczenie mo\u017cna wykupi\u0107 na okres 12 miesi\u0119cy lub kr\u00f3tszy np. na czas wyjazdu za granic\u0119.<\/p>\n<p>Chcesz mie\u0107 tanie i dobre ubezpieczenie Assistance?<\/p>\n<\/div>\n","protected":false},"excerpt":{"rendered":"<p>&nbsp; Ubezpieczenie \u00a0&#8211; Assistance Jedziesz do pracy a tu st\u0142uczka&#8230; Wyje\u017cd\u017casz na wymarzony i d\u0142ugo oczekiwany urlop z rodzin\u0105 a tu awaria auta&#8230; \u015apieszysz si\u0119, by odebra\u0107 dziecko z przedszkola. Pech chcia\u0142, \u017ce nie zatankowa\u0142e\u015b samochodu&#8230; Takie sytuacje spotykaj\u0105 codziennie setki kierowc\u00f3w na drodze. Nie musisz ju\u017c sobie radzi\u0107 sam w takich chwilach &#8211; wykup [&hellip;]<\/p>\n","protected":false},"author":1,"featured_media":0,"parent":35,"menu_order":0,"comment_status":"closed","ping_status":"open","template":"","meta":{"ngg_post_thumbnail":0,"footnotes":""},"class_list":["post-90","page","type-page","status-publish","czr-hentry"],"_links":{"self":[{"href":"https:\/\/e-ubezpieczenia.net.pl\/index.php?rest_route=\/wp\/v2\/pages\/90","targetHints":{"allow":["GET"]}}],"collection":[{"href":"https:\/\/e-ubezpieczenia.net.pl\/index.php?rest_route=\/wp\/v2\/pages"}],"about":[{"href":"https:\/\/e-ubezpieczenia.net.pl\/index.php?rest_route=\/wp\/v2\/types\/page"}],"author":[{"embeddable":true,"href":"https:\/\/e-ubezpieczenia.net.pl\/index.php?rest_route=\/wp\/v2\/users\/1"}],"replies":[{"embeddable":true,"href":"https:\/\/e-ubezpieczenia.net.pl\/index.php?rest_route=%2Fwp%2Fv2%2Fcomments&post=90"}],"version-history":[{"count":2,"href":"https:\/\/e-ubezpieczenia.net.pl\/index.php?rest_route=\/wp\/v2\/pages\/90\/revisions"}],"predecessor-version":[{"id":92,"href":"https:\/\/e-ubezpieczenia.net.pl\/index.php?rest_route=\/wp\/v2\/pages\/90\/revisions\/92"}],"up":[{"embeddable":true,"href":"https:\/\/e-ubezpieczenia.net.pl\/index.php?rest_route=\/wp\/v2\/pages\/35"}],"wp:attachment":[{"href":"https:\/\/e-ubezpieczenia.net.pl\/index.php?rest_route=%2Fwp%2Fv2%2Fmedia&parent=90"}],"curies":[{"name":"wp","href":"https:\/\/api.w.org\/{rel}","templated":true}]}}