{"id":7,"date":"2014-11-23T16:35:10","date_gmt":"2014-11-23T16:35:10","guid":{"rendered":"http:\/\/e-ubezpieczenia.net.pl\/?page_id=7"},"modified":"2018-03-19T11:35:16","modified_gmt":"2018-03-19T11:35:16","slug":"oferta-ubezpieczen","status":"publish","type":"page","link":"https:\/\/e-ubezpieczenia.net.pl\/?page_id=7","title":{"rendered":"Oferta ubezpiecze\u0144"},"content":{"rendered":"<p>Kilkunastoletnie do\u015bwiadczenie pozwala nam tworzy\u0107 bardzo atrakcyjne oferty ubezpiecze\u0144 dla Pa\u0144stwa. \u0141\u0105cz\u0105 one w sobie jednocze\u015bnie : dok\u0142adne potrzeby klienta, nisk\u0105 cen\u0119 ubezpieczenia oraz wiarygodno\u015b\u0107 firmy ubezpieczeniowej \u2013 szczeg\u00f3lnie pod wzgl\u0119dem prawid\u0142owej likwidacji ewentualnej szkody. Je\u015bli chcecie Pa\u0144stwo ubezpieczy\u0107 profesjonalnie swoj\u0105 firm\u0119, samoch\u00f3d, dom, mieszkanie, sw\u00f3j pobyt za granic\u0105, czy te\u017c wybra\u0107 inne spo\u015br\u00f3d oferowanych przez nasz\u0105 firm\u0119 ubezpiecze\u0144, zapraszamy do naszego biura.<\/p>\n<p>W naszej firmie obs\u0142uguj\u0105 Pa\u0144stwa specjali\u015bci z do\u015bwiadczeniem od ubezpiecze\u0144 maj\u0105tkowych i komunikacyjnych. W przypadku ubezpiecze\u0144 komunikacyjnych honorujemy wszystkie Pa\u0144stwa zni\u017cki wcze\u015bniej nabyte. Przy ubezpieczeniu Auto-Casco polecamy skorzystanie ze specjalistycznego komputerowego systemu wyceny samochodu.<\/p>\n<p>Nie musicie Pa\u0144stwo pami\u0119ta\u0107 o wznowieniu ko\u0144cz\u0105cej si\u0119 umowy umowy ubezpieczenia, czy te\u017c terminie raty. Nasz system komputerowy kontroluje wszystkie terminy wznowie\u0144 i rat z odpowiednim wyprzedzeniem wysy\u0142aj\u0105c do Pa\u0144stwa przypomnienie.<\/p>\n<p>Zapraszamy, je\u015bli chcecie Pa\u0144stwo tylko porozmawia\u0107 o ubezpieczeniu, ch\u0119tnie odpowiemy na wa\u017cne dla Pa\u0144stwa pytania. Zapraszamy.<br \/>\n<a name=\"dla-firm\"><\/a><\/p>\n<h2><\/h2>\n<p><a name=\"dla-firm\"><\/a><\/p>\n<ol>\n<li>Ubezpieczenia maj\u0105tkowe\n<ul class=\"ul-myslnik\">\n<li>Ubezpieczenia od ognia i innych zdarze\u0144 losowych<\/li>\n<li>Ubezpieczenia od kradzie\u017cy i dewastacji<\/li>\n<li>Ubezpieczenie got\u00f3wki w lokalu i transporcie<\/li>\n<li>Ubezpieczenie elektronicznego sprz\u0119tu stacjonarnego i przeno\u015bnego<\/li>\n<li>Ubezpieczenie szyb i innych przedmiot\u00f3w od st\u0142uczenia<\/li>\n<\/ul>\n<\/li>\n<li>Ubezpieczenia komunikacyjne\n<ul class=\"ul-myslnik\">\n<li>Ubezpieczenie OC posiadaczy pojazd\u00f3w pojazd\u00f3w mechanicznych<\/li>\n<li>Ubezpieczenie Auto-Casco<\/li>\n<li>Ubezpieczenie nast\u0119pstw nieszcz\u0119\u015bliwych wypadk\u00f3w \/NNW\/<\/li>\n<li>Ubezpieczenie Assistance<\/li>\n<li>Ubezpieczenie ochrony prawnej w ruchu drogowym<\/li>\n<\/ul>\n<\/li>\n<li>Ubezpieczenie cargo\n<ul class=\"ul-myslnik\">\n<li>Krajowe i zagraniczne<\/li>\n<\/ul>\n<\/li>\n<li>Ubezpieczenia techniczne\n<ul class=\"ul-myslnik\">\n<li>Ubezpieczenia wszystkich ryzyk budowlano-monta\u017cowych<\/li>\n<\/ul>\n<\/li>\n<li>Ubezpieczenie odpowiedzialno\u015bci cywilnej\n<ul class=\"ul-myslnik\">\n<li>OC deliktowe<\/li>\n<li>OC kontraktowe<\/li>\n<li>OC produkt<\/li>\n<li>OC zawodowe<\/li>\n<li>OC spedytora i przewo\u017anika<\/li>\n<\/ul>\n<\/li>\n<li>Ubezpieczenia finansowe\n<ul class=\"ul-myslnik\">\n<li>Gwarancje ubezpieczeniowe<\/li>\n<\/ul>\n<\/li>\n<li>Ubezpieczenia grupowe NNW<\/li>\n<li>Ubezpieczenia rolnik\u00f3w<\/li>\n<\/ol>\n<p><a name=\"dla-osob-prywatnych\"><\/a><\/p>\n<h4><\/h4>\n<p><a name=\"dla-osob-prywatnych\"><\/a><\/p>\n<ol>\n<li>Ubezpieczenia maj\u0105tkowe\n<ul class=\"ul-myslnik\">\n<li>Ubezpieczenie mieszka\u0144 i budynk\u00f3w mieszkalnych<\/li>\n<li>Ubezpieczenie element\u00f3w sta\u0142ych, ruchomo\u015bci domowych<\/li>\n<li>Ubezpieczenie budynk\u00f3w w budowie<\/li>\n<li>Ubezpieczenie odpowiedzialno\u015bci cywilnej w \u017cyciu prywatnym<\/li>\n<\/ul>\n<\/li>\n<li>Ubezpieczenia komunikacyjne\n<ul class=\"ul-myslnik\">\n<li>Ubezpieczenie OC posiadaczy pojazd\u00f3w mechanicznych<\/li>\n<li>Ubezpieczenie Auto-Casco<\/li>\n<li>Ubezpieczenie nast\u0119pstw nieszcz\u0119\u015bliwych wypadk\u00f3w<\/li>\n<li>Ubezpieczenie Assistance<\/li>\n<li>Ubezpieczenie ochrony prawnej w ruchu drogowym<\/li>\n<\/ul>\n<\/li>\n<li>Ubezpieczenia osobowe\n<ul class=\"ul-myslnik\">\n<li>Ubezpieczenia wyjazd\u00f3w zagranicznych<\/li>\n<li>Ubezpieczenia nast\u0119pstw nieszcz\u0119\u015bliwych wypadk\u00f3w<\/li>\n<li>Ubezpieczenia chorobowe i zdrowotne<\/li>\n<\/ul>\n<\/li>\n<li>Ubezpieczenia na \u017cycie<\/li>\n<\/ol>\n","protected":false},"excerpt":{"rendered":"<p>Kilkunastoletnie do\u015bwiadczenie pozwala nam tworzy\u0107 bardzo atrakcyjne oferty ubezpiecze\u0144 dla Pa\u0144stwa. \u0141\u0105cz\u0105 one w sobie jednocze\u015bnie : dok\u0142adne potrzeby klienta, nisk\u0105 cen\u0119 ubezpieczenia oraz wiarygodno\u015b\u0107 firmy ubezpieczeniowej \u2013 szczeg\u00f3lnie pod wzgl\u0119dem prawid\u0142owej likwidacji ewentualnej szkody. Je\u015bli chcecie Pa\u0144stwo ubezpieczy\u0107 profesjonalnie swoj\u0105 firm\u0119, samoch\u00f3d, dom, mieszkanie, sw\u00f3j pobyt za granic\u0105, czy te\u017c wybra\u0107 inne spo\u015br\u00f3d oferowanych [&hellip;]<\/p>\n","protected":false},"author":1,"featured_media":450,"parent":0,"menu_order":0,"comment_status":"closed","ping_status":"open","template":"","meta":{"ngg_post_thumbnail":0,"footnotes":""},"class_list":["post-7","page","type-page","status-publish","has-post-thumbnail","czr-hentry"],"_links":{"self":[{"href":"https:\/\/e-ubezpieczenia.net.pl\/index.php?rest_route=\/wp\/v2\/pages\/7","targetHints":{"allow":["GET"]}}],"collection":[{"href":"https:\/\/e-ubezpieczenia.net.pl\/index.php?rest_route=\/wp\/v2\/pages"}],"about":[{"href":"https:\/\/e-ubezpieczenia.net.pl\/index.php?rest_route=\/wp\/v2\/types\/page"}],"author":[{"embeddable":true,"href":"https:\/\/e-ubezpieczenia.net.pl\/index.php?rest_route=\/wp\/v2\/users\/1"}],"replies":[{"embeddable":true,"href":"https:\/\/e-ubezpieczenia.net.pl\/index.php?rest_route=%2Fwp%2Fv2%2Fcomments&post=7"}],"version-history":[{"count":1,"href":"https:\/\/e-ubezpieczenia.net.pl\/index.php?rest_route=\/wp\/v2\/pages\/7\/revisions"}],"predecessor-version":[{"id":8,"href":"https:\/\/e-ubezpieczenia.net.pl\/index.php?rest_route=\/wp\/v2\/pages\/7\/revisions\/8"}],"wp:featuredmedia":[{"embeddable":true,"href":"https:\/\/e-ubezpieczenia.net.pl\/index.php?rest_route=\/wp\/v2\/media\/450"}],"wp:attachment":[{"href":"https:\/\/e-ubezpieczenia.net.pl\/index.php?rest_route=%2Fwp%2Fv2%2Fmedia&parent=7"}],"curies":[{"name":"wp","href":"https:\/\/api.w.org\/{rel}","templated":true}]}}