{"id":64,"date":"2014-11-23T18:22:03","date_gmt":"2014-11-23T18:22:03","guid":{"rendered":"http:\/\/e-ubezpieczenia.net.pl\/?page_id=64"},"modified":"2015-01-29T15:31:55","modified_gmt":"2015-01-29T15:31:55","slug":"ubezpieczenie-mieszkania","status":"publish","type":"page","link":"https:\/\/e-ubezpieczenia.net.pl\/?page_id=64","title":{"rendered":"Ubezpieczenie Mieszkania"},"content":{"rendered":"<p>Co mo\u017cna ubezpieczy\u0107:<\/p>\n<ul>\n<li>Mieszkanie i sta\u0142e elementy (nieruchomo\u015b\u0107) \u2013 ubezpiecz ca\u0142o\u015b\u0107 swojego mieszkania (mury i wyko\u0144czenie),<\/li>\n<li>Dom i sta\u0142e elementy (nieruchomo\u015b\u0107) \u2013 ubezpiecz ca\u0142o\u015b\u0107 swojego mieszkania (mury i wyko\u0144czenie),<\/li>\n<li>Ruchomo\u015bci domowe (Wn\u0119trze) \u2013 ubezpiecz ruchomo\u015bci w mieszkaniu: meble, agd , TV, ubrania, rzeczy osobiste, artyku\u0142y gospodarstwa domowego: po\u015bciele, r\u0119czniki, dywany, sztu\u0107ce, zastawy sto\u0142owe, naczynia itp.<\/li>\n<li>Odpowiedzialno\u015b\u0107 Cywilna w \u017cyciu prywatnym (szkody spowodowane przez Ciebie innym) &#8211; na wypadek gdyby\u015b zala\u0142 s\u0105siada, ale r\u00f3wnie\u017c w innych sytuacjach \u017cycia prywatnego np.: zrzucisz co\u015b w hipermarkecie, jad\u0105c rowerem wpadniesz na kogo\u015b, tw\u00f3j pies pogryzie s\u0105siada itp.<\/li>\n<\/ul>\n<p><strong>Dzi\u0119ki ubezpieczeniu mieszkania \/ domu chronisz sw\u00f3j maj\u0105tek od szk\u00f3d powsta\u0142ych wskutek:<\/strong><\/p>\n<ul>\n<li>ognia i innych zdarze\u0144 losowych w tym te\u017c powodzi i trz\u0119sienia ziemi,<\/li>\n<li>kradzie\u017cy z w\u0142amaniem i rozboju,<\/li>\n<li>przepi\u0119cia,<\/li>\n<li>wandalizmu,<\/li>\n<li>akt\u00f3w terroru,<\/li>\n<li>st\u0142uczenia szyb i innych przedmiot\u00f3w szklanych,<\/li>\n<li>rozboju poza miejscem ubezpieczenia tj. kradzie\u017c torebki, nesesera, plecaka podr\u0119cznego oraz przedmiot\u00f3w w nich si\u0119 znajduj\u0105cych a tak\u017ce odzie\u017cy wierzchniej.<\/li>\n<\/ul>\n<p>&nbsp;<\/p>\n<p>&nbsp;<\/p>\n<p>Masz rodzin\u0119, kupi\u0142e\u015b wymarzony dom. Pomy\u015bl o ubezpieczeniu i czuj si\u0119 bezpiecznie wiedz\u0105c, \u017ce w razie nieszcz\u0119\u015bcia otrzymasz odszkodowanie na napraw\u0119 lub odbudow\u0119 domu a tak\u017ce odtworzenie zniszczonych lub skradzionych ruchomo\u015bci domowych.<\/p>\n<p>Je\u015bli masz mieszkanie zakupione w kredycie to kredytodawca wymaga posiadania ubezpieczenia budynk\u00f3w do co najmniej warto\u015b\u0107 Twojego kredytu hipotecznego. Jednak nie zawsze oferta banku jest <strong>najta\u0144sz\u0105 opcj\u0105<\/strong> dlatego zawsze por\u00f3wnaj inne oferty!<\/p>\n<p>Ubezpieczenie mieszkania i domu zapewni Ci rekompensat\u0119 poniesionych strat w wyniku:<\/p>\n<table border=\"0\" cellspacing=\"0\" cellpadding=\"0\">\n<tbody>\n<tr>\n<td>\n<ul>\n<li>po\u017caru<\/li>\n<li>uderzenia pioruna<\/li>\n<li>deszczu nawalnego<\/li>\n<li>silnego wiatru<\/li>\n<li>upadku drzew i budowli<\/li>\n<li>gradu<\/li>\n<li>powodzi<\/li>\n<li>eksplozji<\/li>\n<\/ul>\n<\/td>\n<td>\n<ul>\n<li>zalania<\/li>\n<li>powodzi<\/li>\n<li>przepi\u0119cia<\/li>\n<li>st\u0142uczenia szyb<\/li>\n<li>zapadania ziemi<\/li>\n<li>kradzie\u017cy z w\u0142amaniem<\/li>\n<li>rabunku<\/li>\n<li>i wielu innych<\/li>\n<\/ul>\n<\/td>\n<\/tr>\n<\/tbody>\n<\/table>\n<p>Ochron\u0105 powinny by\u0107 r\u00f3wnie\u017c obj\u0119te wszystkie ruchomo\u015bci domowe b\u0119d\u0105ce Twoj\u0105 w\u0142asno\u015bci\u0105 i znajduj\u0105ce si\u0119 w mieszkaniu czyli ruchomo\u015bci domowe, sta\u0142e elementy wyko\u0144czeniowe oraz ruchomo\u015bci czasowo znajduj\u0105ce si\u0119 w Twoim posiadaniu na podstawie stosownej umowy.<\/p>\n<p>Kupuj\u0105c opcj\u0119 ubezpieczenia <strong>OC w \u017cyciu prywatnym<\/strong> nie musisz si\u0119 obawia\u0107 koszt\u00f3w zwi\u0105zanych z remontem mieszkania s\u0105siada gdyby\u015b go np. zala\u0142 wod\u0105 z zepsutej pralki. Je\u015bli Twoje dziecko zbije szyb\u0119 s\u0105siadowi r\u00f3wnie\u017c ubezpieczenie mo\u017ce pokry\u0107 koszty takiej szkody.<\/p>\n<p>W ubezpieczenie ruchomo\u015bci domowych mo\u017cesz chroni\u0107 ca\u0142y sprz\u0119t RTV i AGD, kt\u00f3ry posiadasz w domu i pomieszczeniach przynale\u017cnych. Dzi\u0119ki ubezpieczeniu home assistance &#8211; w razie awarii sprz\u0119tu RTV i AGD otrzymasz <strong>szybk\u0105 pomoc<\/strong>wezwanego fachowca, kt\u00f3ry bezp\u0142atnie naprawi zepsuty telewizor czy pralk\u0119. Mo\u017cesz liczy\u0107 na pomoc specjalist\u00f3w takich jak hydraulik, elektryk, \u015blusarz, elektryk, dekarz, szklarz, glazurnik, malarz i wielu innych.<\/p>\n","protected":false},"excerpt":{"rendered":"<p>Co mo\u017cna ubezpieczy\u0107: Mieszkanie i sta\u0142e elementy (nieruchomo\u015b\u0107) \u2013 ubezpiecz ca\u0142o\u015b\u0107 swojego mieszkania (mury i wyko\u0144czenie), Dom i sta\u0142e elementy (nieruchomo\u015b\u0107) \u2013 ubezpiecz ca\u0142o\u015b\u0107 swojego mieszkania (mury i wyko\u0144czenie), Ruchomo\u015bci domowe (Wn\u0119trze) \u2013 ubezpiecz ruchomo\u015bci w mieszkaniu: meble, agd , TV, ubrania, rzeczy osobiste, artyku\u0142y gospodarstwa domowego: po\u015bciele, r\u0119czniki, dywany, sztu\u0107ce, zastawy sto\u0142owe, naczynia itp. [&hellip;]<\/p>\n","protected":false},"author":1,"featured_media":0,"parent":29,"menu_order":0,"comment_status":"closed","ping_status":"open","template":"","meta":{"ngg_post_thumbnail":0,"footnotes":""},"class_list":["post-64","page","type-page","status-publish","czr-hentry"],"_links":{"self":[{"href":"https:\/\/e-ubezpieczenia.net.pl\/index.php?rest_route=\/wp\/v2\/pages\/64","targetHints":{"allow":["GET"]}}],"collection":[{"href":"https:\/\/e-ubezpieczenia.net.pl\/index.php?rest_route=\/wp\/v2\/pages"}],"about":[{"href":"https:\/\/e-ubezpieczenia.net.pl\/index.php?rest_route=\/wp\/v2\/types\/page"}],"author":[{"embeddable":true,"href":"https:\/\/e-ubezpieczenia.net.pl\/index.php?rest_route=\/wp\/v2\/users\/1"}],"replies":[{"embeddable":true,"href":"https:\/\/e-ubezpieczenia.net.pl\/index.php?rest_route=%2Fwp%2Fv2%2Fcomments&post=64"}],"version-history":[{"count":4,"href":"https:\/\/e-ubezpieczenia.net.pl\/index.php?rest_route=\/wp\/v2\/pages\/64\/revisions"}],"predecessor-version":[{"id":327,"href":"https:\/\/e-ubezpieczenia.net.pl\/index.php?rest_route=\/wp\/v2\/pages\/64\/revisions\/327"}],"up":[{"embeddable":true,"href":"https:\/\/e-ubezpieczenia.net.pl\/index.php?rest_route=\/wp\/v2\/pages\/29"}],"wp:attachment":[{"href":"https:\/\/e-ubezpieczenia.net.pl\/index.php?rest_route=%2Fwp%2Fv2%2Fmedia&parent=64"}],"curies":[{"name":"wp","href":"https:\/\/api.w.org\/{rel}","templated":true}]}}