{"id":58,"date":"2014-11-23T18:21:09","date_gmt":"2014-11-23T18:21:09","guid":{"rendered":"http:\/\/e-ubezpieczenia.net.pl\/?page_id=58"},"modified":"2018-03-19T11:33:36","modified_gmt":"2018-03-19T11:33:36","slug":"pakiet-oc-ac","status":"publish","type":"page","link":"https:\/\/e-ubezpieczenia.net.pl\/?page_id=58","title":{"rendered":"Pakiet OC i AC"},"content":{"rendered":"<h1 id=\"page-title\" class=\"title\">Ubezpieczenie OC AC NNW &#8211; pakiet<\/h1>\n<div class=\"region region-content\">\n<section id=\"block-system-main\" class=\"block block-system\">\n<div class=\"content\">\n<div class=\"content\">\n<div class=\"field field-name-body field-type-text-with-summary field-label-hidden\">\n<div class=\"field-items\">\n<div class=\"field-item even\">\n<p>Pakietowe\u00a0ubezpieczenie OC AC NNW zapewnia odszkodowanie chroni\u0105c w\u0142a\u015bciciela pojazdu, mienie oraz osoby przez niego poszkodowane.<br \/>\nW sk\u0142ad ubezpieczenia pakietowego OC AC zazwyczaj wchodz\u0105 r\u00f3wnie\u017c: ubezpieczenie NNW kierowcy i pasa\u017cer\u00f3w (od nast\u0119ptw nieszcz\u0119\u015bliwych wypadk\u00f3w), ubezpieczenie Assistance (pomoc przy szkodzie) oraz coraz cz\u0119\u015bciej: ubezpieczenie szyb pojazdu (niezale\u017cne ubezpieczenie pozwalaj\u0105ce zachowa\u0107 komplet zni\u017cek nawet po wyp\u0142acie odszkodowania za uszkodzenie szyb pojazdu), ubezpieczenie ochrony prawnej (pomoc prawna w procesie likwidacji szkody z kt\u00f3regokolwiek produktu ubezpieczenia pakietowego).<\/p>\n<p>Dzi\u0119ki swej konstrukcji koszt pakietu jest znacznie ni\u017cszy ni\u017c suma koszt\u00f3w ubezpiecze\u0144 wchodz\u0105cych w jego sk\u0142ad.<\/p>\n<\/div>\n<\/div>\n<\/div>\n<\/div>\n<\/div>\n<\/section>\n<\/div>\n","protected":false},"excerpt":{"rendered":"<p>Ubezpieczenie OC AC NNW &#8211; pakiet Pakietowe\u00a0ubezpieczenie OC AC NNW zapewnia odszkodowanie chroni\u0105c w\u0142a\u015bciciela pojazdu, mienie oraz osoby przez niego poszkodowane. W sk\u0142ad ubezpieczenia pakietowego OC AC zazwyczaj wchodz\u0105 r\u00f3wnie\u017c: ubezpieczenie NNW kierowcy i pasa\u017cer\u00f3w (od nast\u0119ptw nieszcz\u0119\u015bliwych wypadk\u00f3w), ubezpieczenie Assistance (pomoc przy szkodzie) oraz coraz cz\u0119\u015bciej: ubezpieczenie szyb pojazdu (niezale\u017cne ubezpieczenie pozwalaj\u0105ce zachowa\u0107 komplet [&hellip;]<\/p>\n","protected":false},"author":1,"featured_media":452,"parent":0,"menu_order":0,"comment_status":"closed","ping_status":"open","template":"","meta":{"ngg_post_thumbnail":0,"footnotes":""},"class_list":["post-58","page","type-page","status-publish","has-post-thumbnail","czr-hentry"],"_links":{"self":[{"href":"https:\/\/e-ubezpieczenia.net.pl\/index.php?rest_route=\/wp\/v2\/pages\/58","targetHints":{"allow":["GET"]}}],"collection":[{"href":"https:\/\/e-ubezpieczenia.net.pl\/index.php?rest_route=\/wp\/v2\/pages"}],"about":[{"href":"https:\/\/e-ubezpieczenia.net.pl\/index.php?rest_route=\/wp\/v2\/types\/page"}],"author":[{"embeddable":true,"href":"https:\/\/e-ubezpieczenia.net.pl\/index.php?rest_route=\/wp\/v2\/users\/1"}],"replies":[{"embeddable":true,"href":"https:\/\/e-ubezpieczenia.net.pl\/index.php?rest_route=%2Fwp%2Fv2%2Fcomments&post=58"}],"version-history":[{"count":3,"href":"https:\/\/e-ubezpieczenia.net.pl\/index.php?rest_route=\/wp\/v2\/pages\/58\/revisions"}],"predecessor-version":[{"id":328,"href":"https:\/\/e-ubezpieczenia.net.pl\/index.php?rest_route=\/wp\/v2\/pages\/58\/revisions\/328"}],"wp:featuredmedia":[{"embeddable":true,"href":"https:\/\/e-ubezpieczenia.net.pl\/index.php?rest_route=\/wp\/v2\/media\/452"}],"wp:attachment":[{"href":"https:\/\/e-ubezpieczenia.net.pl\/index.php?rest_route=%2Fwp%2Fv2%2Fmedia&parent=58"}],"curies":[{"name":"wp","href":"https:\/\/api.w.org\/{rel}","templated":true}]}}