{"id":5,"date":"2014-11-23T16:33:53","date_gmt":"2014-11-23T16:33:53","guid":{"rendered":"http:\/\/e-ubezpieczenia.net.pl\/?page_id=5"},"modified":"2018-03-19T11:36:57","modified_gmt":"2018-03-19T11:36:57","slug":"o-nas","status":"publish","type":"page","link":"https:\/\/e-ubezpieczenia.net.pl\/","title":{"rendered":"O nas"},"content":{"rendered":"<p>Firma ABM dzia\u0142a na rynku ubezpieczeniowym od 1995 r. Wsp\u00f3\u0142pracuje od pocz\u0105tku swej dzia\u0142alno\u015bci ze wszystkimi licz\u0105cymi si\u0119 Towarzystwami Ubezpieczeniowymi. Tysi\u0105ce zadowolonych klient\u00f3w \u015bwiadcz\u0105 o profesjonalizmie, solidno\u015bci i skuteczno\u015bci dzia\u0142ania naszej firmy. Na bie\u017c\u0105co uczestniczymy w szkoleniach dbaj\u0105c o utrzymanie najwy\u017cszego poziomu naszych kwalifikacji.<\/p>\n<p>Firma ABM w ci\u0105gu 15 lat istnienia zdoby\u0142a wiele nagr\u00f3d i wyr\u00f3\u017cnie\u0144 zwi\u0105zanych z dzia\u0142alno\u015bci\u0105 ubezpieczeniow\u0105. Wieloletnie do\u015bwiadczenie pozwala nam tworzy\u0107 bardzo atrakcyjne oferty ubezpiecze\u0144 dla naszych klient\u00f3w \u0142\u0105cz\u0105ce w sobie jednocze\u015bnie: potrzeby klienta, nisk\u0105 cen\u0119 ubezpieczenia oraz wiarygodno\u015b\u0107 firmy ubezpieczeniowej.<\/p>\n<p style=\"text-align: center;\">Zawsze warto sprawdzi\u0107 nasz\u0105 ofert\u0119. Zapraszamy.<\/p>\n<p style=\"text-align: left;\"><a href=\"http:\/\/e-ubezpieczenia.net.pl\/wp-content\/uploads\/2015\/02\/ABM_firmy_20.jpg\"><img loading=\"lazy\" decoding=\"async\" class=\"alignnone size-full wp-image-432\" src=\"http:\/\/e-ubezpieczenia.net.pl\/wp-content\/uploads\/2015\/02\/ABM_firmy_20.jpg\" alt=\"ABM_firmy_20\" width=\"664\" height=\"390\" srcset=\"https:\/\/e-ubezpieczenia.net.pl\/wp-content\/uploads\/2015\/02\/ABM_firmy_20.jpg 664w, https:\/\/e-ubezpieczenia.net.pl\/wp-content\/uploads\/2015\/02\/ABM_firmy_20-300x176.jpg 300w, https:\/\/e-ubezpieczenia.net.pl\/wp-content\/uploads\/2015\/02\/ABM_firmy_20-100x59.jpg 100w, https:\/\/e-ubezpieczenia.net.pl\/wp-content\/uploads\/2015\/02\/ABM_firmy_20-150x88.jpg 150w, https:\/\/e-ubezpieczenia.net.pl\/wp-content\/uploads\/2015\/02\/ABM_firmy_20-200x117.jpg 200w, https:\/\/e-ubezpieczenia.net.pl\/wp-content\/uploads\/2015\/02\/ABM_firmy_20-450x264.jpg 450w, https:\/\/e-ubezpieczenia.net.pl\/wp-content\/uploads\/2015\/02\/ABM_firmy_20-600x352.jpg 600w\" sizes=\"auto, (max-width: 664px) 100vw, 664px\" \/><\/a><\/p>\n","protected":false},"excerpt":{"rendered":"<p>Firma ABM dzia\u0142a na rynku ubezpieczeniowym od 1995 r. Wsp\u00f3\u0142pracuje od pocz\u0105tku swej dzia\u0142alno\u015bci ze wszystkimi licz\u0105cymi si\u0119 Towarzystwami Ubezpieczeniowymi. Tysi\u0105ce zadowolonych klient\u00f3w \u015bwiadcz\u0105 o profesjonalizmie, solidno\u015bci i skuteczno\u015bci dzia\u0142ania naszej firmy. Na bie\u017c\u0105co uczestniczymy w szkoleniach dbaj\u0105c o utrzymanie najwy\u017cszego poziomu naszych kwalifikacji. Firma ABM w ci\u0105gu 15 lat istnienia zdoby\u0142a wiele nagr\u00f3d i [&hellip;]<\/p>\n","protected":false},"author":1,"featured_media":0,"parent":0,"menu_order":0,"comment_status":"closed","ping_status":"open","template":"","meta":{"ngg_post_thumbnail":0,"footnotes":""},"class_list":["post-5","page","type-page","status-publish","czr-hentry"],"_links":{"self":[{"href":"https:\/\/e-ubezpieczenia.net.pl\/index.php?rest_route=\/wp\/v2\/pages\/5","targetHints":{"allow":["GET"]}}],"collection":[{"href":"https:\/\/e-ubezpieczenia.net.pl\/index.php?rest_route=\/wp\/v2\/pages"}],"about":[{"href":"https:\/\/e-ubezpieczenia.net.pl\/index.php?rest_route=\/wp\/v2\/types\/page"}],"author":[{"embeddable":true,"href":"https:\/\/e-ubezpieczenia.net.pl\/index.php?rest_route=\/wp\/v2\/users\/1"}],"replies":[{"embeddable":true,"href":"https:\/\/e-ubezpieczenia.net.pl\/index.php?rest_route=%2Fwp%2Fv2%2Fcomments&post=5"}],"version-history":[{"count":4,"href":"https:\/\/e-ubezpieczenia.net.pl\/index.php?rest_route=\/wp\/v2\/pages\/5\/revisions"}],"predecessor-version":[{"id":454,"href":"https:\/\/e-ubezpieczenia.net.pl\/index.php?rest_route=\/wp\/v2\/pages\/5\/revisions\/454"}],"wp:attachment":[{"href":"https:\/\/e-ubezpieczenia.net.pl\/index.php?rest_route=%2Fwp%2Fv2%2Fmedia&parent=5"}],"curies":[{"name":"wp","href":"https:\/\/api.w.org\/{rel}","templated":true}]}}