{"id":49,"date":"2014-11-23T18:20:08","date_gmt":"2014-11-23T18:20:08","guid":{"rendered":"http:\/\/e-ubezpieczenia.net.pl\/?page_id=49"},"modified":"2015-01-29T15:37:40","modified_gmt":"2015-01-29T15:37:40","slug":"ubezpieczenia-oc","status":"publish","type":"page","link":"https:\/\/e-ubezpieczenia.net.pl\/?page_id=49","title":{"rendered":"Ubezpieczenia OC"},"content":{"rendered":"<div id=\"pageContentTitle\" class=\"pageContentTitle\">Ubezpieczenie OC<\/div>\n<div class=\"pageContentTitle\"><\/div>\n<div class=\"pageContentHeader\">Jeste\u015b posiadaczem pojazdu mechanicznego?<\/div>\n<div class=\"pageContentHeader\"><\/div>\n<div class=\"pageContentText\"><b>OC to ubezpieczenie odpowiedzialno\u015bci cywilnej posiadaczy pojazd\u00f3w mechanicznych.<\/b><br \/>\nNie chcesz sam pokrywa\u0107 strat materialnych oraz ewentualnych koszt\u00f3w zwi\u0105zanych z utrat\u0105 zdrowia, kalectwem czy \u015bmierci\u0105 os\u00f3b poszkodowanych w wyniku wypadk\u00f3w drogowych?Aby tego unikn\u0105\u0107 <b>wykup ubezpieczenie odpowiedzialno\u015bci cywilnej posiadaczy pojazd\u00f3w mechanicznych.<\/b>Ubezpieczenie OC posiadaczy pojazd\u00f3w mechanicznych jest ubezpieczeniem obowi\u0105zkowym. Zosta\u0142o wprowadzone na mocy \u201eUstawy z dnia 23 maja 2003 roku o ubezpieczeniach obowi\u0105zkowych, Ubezpieczeniowym Funduszu Gwarancyjnym i Polskim Biurze Ubezpieczycieli Komunikacyjnych\u201d opublikowanej w Dz.U. nr 124 poz. 1152, z p\u00f3\u017aniejszymi zmianami. Zapisy ustawy maj\u0105 za zadanie dostosowanie polskich przepis\u00f3w do standard\u00f3w obowi\u0105zuj\u0105cych w Unii Europejskiej.<\/p>\n<p>Ka\u017cdy, kto jest posiadaczem pojazdu mechanicznego jest zobowi\u0105zany do zawarcia umowy ubezpieczenia OC posiadaczy pojazd\u00f3w mechanicznych.<\/p>\n<p>Zgodnie z ustaw\u0105, za pojazdy mechaniczne uwa\u017ca si\u0119:<\/p>\n<ul>\n<li>Pojazd samochodowy, ci\u0105gnik rolniczy, motorower i przyczep\u0119 okre\u015blone w przepisach ustawy \u2013 Prawo o ruchu drogowym<\/li>\n<li>Pojazd wolnobie\u017cny w rozumieniu przepis\u00f3w ustawy \u2013 Prawo o ruchu drogowym, z wy\u0142\u0105czeniem pojazd\u00f3w wolnobie\u017cnych b\u0119d\u0105cych w posiadaniu rolnik\u00f3w posiadaj\u0105cych gospodarstwo rolne i u\u017cytkowanych w zwi\u0105zku z posiadaniem tego gospodarstwa.<\/li>\n<\/ul>\n<p>Umow\u0119 obowi\u0105zkowego ubezpieczenia OC posiadaczy pojazd\u00f3w mechanicznych zawiera si\u0119 na okres 12 miesi\u0119cy, z wyj\u0105tkiem:<\/p>\n<ul>\n<li>pojazd\u00f3w zarejestrowanych na sta\u0142e a nale\u017c\u0105cych do podmiot\u00f3w prowadz\u0105cych dzia\u0142alno\u015b\u0107 gospodarcz\u0105 polegaj\u0105c\u0105 na po\u015bredniczeniu w kupnie i sprzeda\u017cy pojazd\u00f3w mechanicznych w zakresie pojazd\u00f3w przeznaczonych do kupna lub sprzeda\u017cy lub polegaj\u0105c\u0105 na kupnie i sprzeda\u017cy pojazd\u00f3w mechanicznych, umow\u0119 mo\u017cna zawrze\u0107 na okres nie kr\u00f3tszy ni\u017c 30 dni<\/li>\n<li>pojazd\u00f3w zarejestrowanych czasowo, umow\u0119 mo\u017cna zawrze\u0107 na okres nie kr\u00f3tszy ni\u017c 30 dni<\/li>\n<li>pojazd\u00f3w zarejestrowanych za granic\u0105, umow\u0119 mo\u017cna zawrze\u0107 na okres nie kr\u00f3tszy ni\u017c 30 dni<\/li>\n<li>pojazd\u00f3w wolnobie\u017cnych, umow\u0119 mo\u017cna zawrze\u0107 na okres nie kr\u00f3tszy ni\u017c 3 miesi\u0105ce<\/li>\n<li>pojazd\u00f3w historycznych, umow\u0119 mo\u017cna zawrze\u0107 na okres nie kr\u00f3tszy ni\u017c 30 dni<\/li>\n<\/ul>\n<p>Minimalne <b>sumy gwarancyjne<\/b> zgodnie z ustaw\u0105 wynosz\u0105:<\/p>\n<ul>\n<li>w przypadku szk\u00f3d na osobie \u2013 2\u00a0500\u00a0000 euro w odniesieniu do jednego zdarzenia, kt\u00f3rego skutki s\u0105 obj\u0119te ubezpieczeniem bez wzgl\u0119du na liczb\u0119 poszkodowanych<\/li>\n<li>w przypadku szk\u00f3d na mieniu \u2013 500\u00a0000 euro w odniesieniu do jednego zdarzenia, kt\u00f3rego skutki s\u0105 obj\u0119te ubezpieczeniem bez wzgl\u0119du na liczb\u0119 poszkodowanych.<\/li>\n<\/ul>\n<p>Ubezpieczenie OC obejmuje szkody wyrz\u0105dzone na terytorium Rzeczypospolitej Polskiej oraz pa\u0144stw: Austrii, Belgii, Chorwacji, na Cyprze, w Czechach, Danii, Estonii, Finlandii, Francji, Grecji, Hiszpanii, Rumunii, Bu\u0142garii, Holandii,\u00a0 Irlandii, Islandii, na Litwie, w Luksemburgu, \u0141otwie, na Malcie, w Niemczech, Norwegii, Portugalii, na S\u0142owacji, w S\u0142owenii, Szwajcarii, Szwecji, na W\u0119grzech, w Wielkiej Brytanii, W\u0142oszech. Ponadto bez Zielonej Karty mo\u017cna si\u0119 porusza\u0107 po Wyspach Normandzkich, wyspie Man i Gibraltarze, w Liechtensteinie, na Wyspach Owczych, w Monako i San Marino.<\/p>\n<p>Przy obowi\u0105zkowym ubezpieczeniu OC pojazd\u00f3w mechanicznych nale\u017cy pami\u0119ta\u0107, \u017ce w przypadku zmiany ubezpieczyciela jest obowi\u0105zek pisemnego wypowiedzenia aktualnej polisy, nie p\u00f3\u017aniej jednak ni\u017c na jeden dzie\u0144 przed up\u0142ywem okresu 12 miesi\u0119cy, na kt\u00f3ry umowa zosta\u0142a zawarta. Wypowiedzenie umowy dotyczy r\u00f3wnie\u017c nabywcy pojazdu. W przypadku nie z\u0142o\u017cenia lub nieterminowego z\u0142o\u017cenia wypowiedzenia zgodnie z ustaw\u0105 uwa\u017ca si\u0119, \u017ce zosta\u0142a zawarta nast\u0119pna umowa na kolejne 12 miesi\u0119cy, w\u00f3wczas posiadacz pojazdu zobowi\u0105zany jest do zap\u0142aty sk\u0142adki za kolejny rok. Wyj\u0105tkiem jest sytuacja, w kt\u00f3rej pomimo braku z\u0142o\u017cenia wypowiedzenia polisa nie przed\u0142u\u017ca si\u0119, je\u017celi nie zosta\u0142a w ca\u0142o\u015bci op\u0142acona sk\u0142adka za mijaj\u0105cy okres 12 miesi\u0119cy.<\/p>\n<p><b>Przyk\u0142ady szk\u00f3d:<\/b> Szkody w mieniu:<\/p>\n<ul>\n<li>koszt naprawy uszkodzonego samochodu<\/li>\n<li>skutki uszkodzenia, zniszczenia lub utraty mienia innego ni\u017c samoch\u00f3d (np. budynek, ogrodzenie)<\/li>\n<\/ul>\n<p>Szkody na osobie:<\/p>\n<ul>\n<li>pokrycie koszt\u00f3w leczenia os\u00f3b poszkodowanych<\/li>\n<li>wyp\u0142ata renty dla poszkodowanych<\/li>\n<li>odszkodowanie za \u015bmier\u0107 osoby bliskiej<\/li>\n<\/ul>\n<p>Chcesz zakupi\u0107 tanie ubezpieczenie OC? zadzwo\u0144 do Nas<\/p>\n<\/div>\n","protected":false},"excerpt":{"rendered":"<p>Ubezpieczenie OC Jeste\u015b posiadaczem pojazdu mechanicznego? OC to ubezpieczenie odpowiedzialno\u015bci cywilnej posiadaczy pojazd\u00f3w mechanicznych. Nie chcesz sam pokrywa\u0107 strat materialnych oraz ewentualnych koszt\u00f3w zwi\u0105zanych z utrat\u0105 zdrowia, kalectwem czy \u015bmierci\u0105 os\u00f3b poszkodowanych w wyniku wypadk\u00f3w drogowych?Aby tego unikn\u0105\u0107 wykup ubezpieczenie odpowiedzialno\u015bci cywilnej posiadaczy pojazd\u00f3w mechanicznych.Ubezpieczenie OC posiadaczy pojazd\u00f3w mechanicznych jest ubezpieczeniem obowi\u0105zkowym. Zosta\u0142o wprowadzone na [&hellip;]<\/p>\n","protected":false},"author":1,"featured_media":0,"parent":35,"menu_order":0,"comment_status":"closed","ping_status":"open","template":"","meta":{"ngg_post_thumbnail":0,"footnotes":""},"class_list":["post-49","page","type-page","status-publish","czr-hentry"],"_links":{"self":[{"href":"https:\/\/e-ubezpieczenia.net.pl\/index.php?rest_route=\/wp\/v2\/pages\/49","targetHints":{"allow":["GET"]}}],"collection":[{"href":"https:\/\/e-ubezpieczenia.net.pl\/index.php?rest_route=\/wp\/v2\/pages"}],"about":[{"href":"https:\/\/e-ubezpieczenia.net.pl\/index.php?rest_route=\/wp\/v2\/types\/page"}],"author":[{"embeddable":true,"href":"https:\/\/e-ubezpieczenia.net.pl\/index.php?rest_route=\/wp\/v2\/users\/1"}],"replies":[{"embeddable":true,"href":"https:\/\/e-ubezpieczenia.net.pl\/index.php?rest_route=%2Fwp%2Fv2%2Fcomments&post=49"}],"version-history":[{"count":4,"href":"https:\/\/e-ubezpieczenia.net.pl\/index.php?rest_route=\/wp\/v2\/pages\/49\/revisions"}],"predecessor-version":[{"id":330,"href":"https:\/\/e-ubezpieczenia.net.pl\/index.php?rest_route=\/wp\/v2\/pages\/49\/revisions\/330"}],"up":[{"embeddable":true,"href":"https:\/\/e-ubezpieczenia.net.pl\/index.php?rest_route=\/wp\/v2\/pages\/35"}],"wp:attachment":[{"href":"https:\/\/e-ubezpieczenia.net.pl\/index.php?rest_route=%2Fwp%2Fv2%2Fmedia&parent=49"}],"curies":[{"name":"wp","href":"https:\/\/api.w.org\/{rel}","templated":true}]}}