{"id":38,"date":"2014-11-23T17:39:55","date_gmt":"2014-11-23T17:39:55","guid":{"rendered":"http:\/\/e-ubezpieczenia.net.pl\/?page_id=38"},"modified":"2015-01-12T16:41:37","modified_gmt":"2015-01-12T16:41:37","slug":"zdrowotne","status":"publish","type":"page","link":"https:\/\/e-ubezpieczenia.net.pl\/?page_id=38","title":{"rendered":"Zdrowotne"},"content":{"rendered":"<p><em><strong>Podstawowy pakiet<\/strong><\/em> ubezpiecze\u0144 zdrowotnych obejmuje:<\/p>\n<ul>\n<li><strong>porady lekarskie<\/strong> w ramach opieki podstawowej (<strong>nieograniczony dost\u0119p<\/strong> do lekarza internisty, pediatry, ginekologa)<\/li>\n<li><strong>testy<\/strong> diagnostyczne: pe\u0142na morfologia, w tym badania poziomu glukozy, <strong>cholesterolu<\/strong>, kreatyniny, kwasu moczowego, bilirubiny itp.; badanie moczu i ka\u0142u; badanie <strong>USG<\/strong> jamy brzusznej, USG ginekologiczne, <strong>RTG<\/strong> klatki piersiowej, RTG czaszki, RTG kr\u0119gos\u0142upa, EKG spoczynkowe, spirometria i inne<\/li>\n<li><strong>rabat 50%<\/strong> na porady w ramach opieki specjalistycznej (dost\u0119p do lekarzy specjalist\u00f3w \u2013 19 dodatkowych specjalno\u015bci, m.in.: kardiolog, chirurg, okulista, endokrynolog, gastroenterolog)<\/li>\n<li>szczepienie przeciwko <strong>grypie<\/strong><\/li>\n<li><strong>rabat 10%<\/strong> na pozosta\u0142e us\u0142ugi \u015bwiadczone przez przychodnie \u015bwiadczeniodawcy<\/li>\n<li>przegl\u0105d jamy ustnej<\/li>\n<li>dzienne \u015bwiadczenie szpitalne &#8211; <strong>wyp\u0142ata<\/strong> rycza\u0142towej kwoty za ka\u017cdy dzie\u0144 pobytu w <strong>szpitalu<\/strong>.<\/li>\n<\/ul>\n<p><em><strong>Rozszerzony pakiet<\/strong><\/em> ubezpiecze\u0144 zdrowotnych obejmuje:<\/p>\n<ul>\n<li><strong>porady<\/strong> w ramach opieki specjalistycznej (<strong>nieograniczony dost\u0119p<\/strong> do wszystkich lekarzy specjalist\u00f3w)<\/li>\n<li>kompleksowe <strong>testy diagnostyczne<\/strong> \u2013 np.: tomografia komputerowa, mammografia, urografia, echo serca, EKG (pr\u00f3ba wysi\u0142kowa), sk\u00f3rne testy alergiczne<\/li>\n<li>porady internisty w ramach <strong>wizyt domowych<\/strong> &#8211; bez ograniczenia liczby wizyt<\/li>\n<li>poza konsultacyjne <strong>zabiegi<\/strong> ambulatoryjne (np. chirurgiczne, ortopedyczne, ginekologiczno\u2013urologiczne)<\/li>\n<li>szeroki zakres <strong>us\u0142ug stomatologicznych<\/strong>.<\/li>\n<\/ul>\n<p>Jeste\u015bmy specjalistami tylko od zdrowia. Nie mieszamy ze sob\u0105 r\u00f3\u017cnych rodzaj\u00f3w ubezpiecze\u0144. Podpatrujemy dobre przyk\u0142ady z innych kraj\u00f3w. Nie kopiujemy ich, ale rozwijamy tak, by pasowa\u0142y do wymaga\u0144 i potrzeb Polak\u00f3w.<\/p>\n<p>Jako\u015b\u0107 naszej us\u0142ugi ma nie tylko dor\u00f3wnywa\u0107, ale i przewy\u017csza\u0107 to, do czego s\u0105 przyzwyczajeni obywatele innych kraj\u00f3w wysokorozwini\u0119tych.<\/p>\n<p>Jako 100% polskie Towarzystwo Ubezpiecze\u0144 wiemy, \u017ce w ka\u017cdym kraju s\u0105 inne potrzeby zdrowotne, tradycje korzystania z us\u0142ug medycznych i mo\u017cliwo\u015bci.<\/p>\n<p>Ubezpieczony mo\u017ce si\u0119 leczy\u0107 w ka\u017cdej przychodni czy klinice, z kt\u00f3r\u0105 ubezpieczyciel ma podpisan\u0105 umow\u0119.<\/p>\n<p>Wszystkie us\u0142ugi, porady, badania, zabiegi umawiane s\u0105 za po\u015brednictwem 24h Infolinii Medycznej.<\/p>\n<p>Dzi\u0119ki 24h Infolinii Medycznej Ubezpieczony nie musi szuka\u0107, gdzie mo\u017ce si\u0119 leczy\u0107. Konsultanci um\u00f3wi\u0105 go na wizyt\u0119 lekarsk\u0105, badania, zorganizuj\u0105 termin i miejsce wykonania zabiegu operacyjnego.<\/p>\n<h2><\/h2>\n<h2>Dajemy gwarancj\u0119,<\/h2>\n<p>W ka\u017cdym miejscu w Polsce, w Twojej miejscowo\u015bci, na wakacjach, w podr\u00f3\u017cy s\u0142u\u017cbowej &#8211; masz dost\u0119p do takich samych us\u0142ug.<\/p>\n<p>O ka\u017cdej porze, w dzie\u0144 i w nocy,\u00a0 w dni powszednie i w \u015bwi\u0119ta do Twojej dyspozycji s\u0105 kompetentni i profesjonalni konsultanci 24 godzinnej Infolinii Medycznej.<\/p>\n<p>W ci\u0105gu jednego dnia zostaniesz przyj\u0119ty przez lekarza rodzinnego, a w ci\u0105gu trzech dni roboczych przez dowolnego specjalist\u0119.<\/p>\n<p>Po um\u00f3wieniu wizyty przez 24 godzinn\u0105 Infolini\u0119 Medyczn\u0105 w przychodni, klinice,\u00a0 gabinecie, czy szpitalu lekarze b\u0119d\u0105 ju\u017c na Ciebie czeka\u0107, pokazujesz tylko swoj\u0105 Kart\u0119 Ubezpieczenia i dokument za zdj\u0119ciem.<\/p>\n<p>Je\u017celi Tw\u00f3j stan zdrowia b\u0119dzie tego wymaga\u0142, zostaniesz bez okresu oczekiwania przyj\u0119ty do szpitala, nie tylko na planow\u0105 operacj\u0119, czy zabieg, ale tak\u017ce by rozpocz\u0105\u0107 specjalistyczne leczenie, lub celem przeprowadzenia szybkiej diagnostyki.<\/p>\n<h2>Opis og\u00f3lny oferty,<\/h2>\n<p>Je\u017celi:<\/p>\n<p>\u2022dbasz o zdrowie swoje i swoich bliskich,<\/p>\n<p>\u2022chcesz by\u0107 wa\u017cnym pacjentem dla swojego lekarza,<\/p>\n<p>\u2022nie chcesz czeka\u0107 w kolejkach na specjalist\u0119, na operacje, na badania<\/p>\n<p>\u2022zdrowie i bezpiecze\u0144stwo s\u0105 dla Ciebie priorytetem,<\/p>\n<p><strong>to kupuj\u0105c nasze prywatne ubezpieczenie zdrowotne zostan\u0105 spe\u0142nione Twoje wysokie wymagania.<\/strong><\/p>\n<p>Op\u0142acasz niewielk\u0105 sk\u0142adk\u0119 miesi\u0119czn\u0105 za leczenie, kt\u00f3re mo\u017ce kosztowa\u0107 kilkadziesi\u0105t tysi\u0119cy z\u0142otych.<\/p>\n<p>Nie musisz wychodzi\u0107 z domu. Ca\u0142\u0105 procedur\u0119 zawarcia umowy ubezpieczenia, zgodnie z obowi\u0105zuj\u0105cym w Polsce prawem, mo\u017cesz przeprowadzi\u0107 siedz\u0105c wygodnie w swoim ulubionym fotelu. Zajmie to zaledwie 10 minut.<\/p>\n<p>Dostajesz od nas \u201ePrzewodnik Ubezpieczonego\u201d, w kt\u00f3rym wszystkie zasady korzystania z gwarantowanych us\u0142ug medycznych s\u0105 napisane prosto i przejrzy\u015bcie.<\/p>\n<p>Sprawd\u017a, jak korzystne s\u0105 warunki oferowanego przez nas prywatnego ubezpieczenia zdrowotnego.<br \/>\nDlaczego warto wybra\u0107 ubezpieczenie zdrowotne?<\/p>\n<p>Dzi\u0119ki ponad 1600 Plac\u00f3wkom Medycznym wszyscy maj\u0105 zagwarantowan\u0105 tak\u0105 sam\u0105 jako\u015b\u0107 i dost\u0119pno\u015b\u0107 do us\u0142ug medycznych.<\/p>\n<p>Nasze gwarancje wykonania us\u0142ugi oznaczaj\u0105, \u017ce nawet w okresie urlopowym, czy w trakcie epidemii przezi\u0119bie\u0144 i grypy nasi Ubezpieczeni maj\u0105 100-procentow\u0105 pewno\u015b\u0107 dostania si\u0119 do lekarza w obiecanym czasie.<\/p>\n<p>Tak liczna i profesjonalna obs\u0142uga &#8211; 24h Infolinia medyczna jest tylko u nas. Nie czekasz na odebranie telefonu d\u0142u\u017cej ni\u017c kilkana\u015bcie, kilkadziesi\u0105t sekund.<\/p>\n<p>Nawet w trakcie wakacji, dzi\u0119ki naszej organizacji, w Plac\u00f3wce Medycznej gdzie masz um\u00f3wion\u0105 wizyt\u0119, przychodzisz na okre\u015blon\u0105 godzin\u0119 i wszyscy wiedz\u0105, \u017ce jeste\u015b wa\u017cnym pacjentem.<\/p>\n","protected":false},"excerpt":{"rendered":"<p>Podstawowy pakiet ubezpiecze\u0144 zdrowotnych obejmuje: porady lekarskie w ramach opieki podstawowej (nieograniczony dost\u0119p do lekarza internisty, pediatry, ginekologa) testy diagnostyczne: pe\u0142na morfologia, w tym badania poziomu glukozy, cholesterolu, kreatyniny, kwasu moczowego, bilirubiny itp.; badanie moczu i ka\u0142u; badanie USG jamy brzusznej, USG ginekologiczne, RTG klatki piersiowej, RTG czaszki, RTG kr\u0119gos\u0142upa, EKG spoczynkowe, spirometria i inne [&hellip;]<\/p>\n","protected":false},"author":1,"featured_media":0,"parent":0,"menu_order":0,"comment_status":"closed","ping_status":"open","template":"","meta":{"ngg_post_thumbnail":0,"footnotes":""},"class_list":["post-38","page","type-page","status-publish","czr-hentry"],"_links":{"self":[{"href":"https:\/\/e-ubezpieczenia.net.pl\/index.php?rest_route=\/wp\/v2\/pages\/38","targetHints":{"allow":["GET"]}}],"collection":[{"href":"https:\/\/e-ubezpieczenia.net.pl\/index.php?rest_route=\/wp\/v2\/pages"}],"about":[{"href":"https:\/\/e-ubezpieczenia.net.pl\/index.php?rest_route=\/wp\/v2\/types\/page"}],"author":[{"embeddable":true,"href":"https:\/\/e-ubezpieczenia.net.pl\/index.php?rest_route=\/wp\/v2\/users\/1"}],"replies":[{"embeddable":true,"href":"https:\/\/e-ubezpieczenia.net.pl\/index.php?rest_route=%2Fwp%2Fv2%2Fcomments&post=38"}],"version-history":[{"count":3,"href":"https:\/\/e-ubezpieczenia.net.pl\/index.php?rest_route=\/wp\/v2\/pages\/38\/revisions"}],"predecessor-version":[{"id":180,"href":"https:\/\/e-ubezpieczenia.net.pl\/index.php?rest_route=\/wp\/v2\/pages\/38\/revisions\/180"}],"wp:attachment":[{"href":"https:\/\/e-ubezpieczenia.net.pl\/index.php?rest_route=%2Fwp%2Fv2%2Fmedia&parent=38"}],"curies":[{"name":"wp","href":"https:\/\/api.w.org\/{rel}","templated":true}]}}