{"id":244,"date":"2015-01-26T15:04:04","date_gmt":"2015-01-26T15:04:04","guid":{"rendered":"http:\/\/e-ubezpieczenia.net.pl\/?page_id=244"},"modified":"2015-01-26T15:04:04","modified_gmt":"2015-01-26T15:04:04","slug":"oc-dzialalnosci","status":"publish","type":"page","link":"https:\/\/e-ubezpieczenia.net.pl\/?page_id=244","title":{"rendered":"OC Dzia\u0142alno\u015bci"},"content":{"rendered":"<p>OC Dzia\u0142alno\u015bci<\/p>\n","protected":false},"excerpt":{"rendered":"<p>OC Dzia\u0142alno\u015bci<\/p>\n","protected":false},"author":1,"featured_media":0,"parent":41,"menu_order":0,"comment_status":"closed","ping_status":"open","template":"","meta":{"ngg_post_thumbnail":0,"footnotes":""},"class_list":["post-244","page","type-page","status-publish","czr-hentry"],"_links":{"self":[{"href":"https:\/\/e-ubezpieczenia.net.pl\/index.php?rest_route=\/wp\/v2\/pages\/244","targetHints":{"allow":["GET"]}}],"collection":[{"href":"https:\/\/e-ubezpieczenia.net.pl\/index.php?rest_route=\/wp\/v2\/pages"}],"about":[{"href":"https:\/\/e-ubezpieczenia.net.pl\/index.php?rest_route=\/wp\/v2\/types\/page"}],"author":[{"embeddable":true,"href":"https:\/\/e-ubezpieczenia.net.pl\/index.php?rest_route=\/wp\/v2\/users\/1"}],"replies":[{"embeddable":true,"href":"https:\/\/e-ubezpieczenia.net.pl\/index.php?rest_route=%2Fwp%2Fv2%2Fcomments&post=244"}],"version-history":[{"count":1,"href":"https:\/\/e-ubezpieczenia.net.pl\/index.php?rest_route=\/wp\/v2\/pages\/244\/revisions"}],"predecessor-version":[{"id":245,"href":"https:\/\/e-ubezpieczenia.net.pl\/index.php?rest_route=\/wp\/v2\/pages\/244\/revisions\/245"}],"up":[{"embeddable":true,"href":"https:\/\/e-ubezpieczenia.net.pl\/index.php?rest_route=\/wp\/v2\/pages\/41"}],"wp:attachment":[{"href":"https:\/\/e-ubezpieczenia.net.pl\/index.php?rest_route=%2Fwp%2Fv2%2Fmedia&parent=244"}],"curies":[{"name":"wp","href":"https:\/\/api.w.org\/{rel}","templated":true}]}}